{"id":388,"date":"2022-03-04T12:33:01","date_gmt":"2022-03-04T12:33:01","guid":{"rendered":"https:\/\/aromarmusicadanza.com\/index.php\/membership-join\/membership-registration\/"},"modified":"2022-03-04T12:33:01","modified_gmt":"2022-03-04T12:33:01","slug":"membership-registration","status":"publish","type":"page","link":"https:\/\/aromarmusicadanza.com\/index.php\/membership-join\/membership-registration\/","title":{"rendered":"Registro"},"content":{"rendered":"<p>La membres\u00eda gratuita est\u00e1 desactivada en este sitio. Por favor, haz un pago desde el <a href=\"https:\/\/aromarmusicadanza.com\/index.php\/membership-join\/\">\u00danete a nosotros<\/a>p\u00e1gina para pagar una membres\u00eda de pago.<\/p><p>Recibir\u00e1s un enlace \u00fanico a trav\u00e9s del correo electr\u00f3nico despu\u00e9s del pago. Podr\u00e1s utilizar ese enlace para completar el registro de membres\u00eda de pago.<\/p>\n","protected":false},"excerpt":{"rendered":"","protected":false},"author":1,"featured_media":0,"parent":387,"menu_order":0,"comment_status":"closed","ping_status":"closed","template":"","meta":{"kt_blocks_editor_width":"","footnotes":""},"class_list":["post-388","page","type-page","status-publish","hentry"],"yoast_head":"<!-- This site is optimized with the Yoast SEO plugin v26.9 - https:\/\/yoast.com\/product\/yoast-seo-wordpress\/ -->\n<title>Registro - AROMAR<\/title>\n<meta name=\"robots\" content=\"index, follow, max-snippet:-1, max-image-preview:large, max-video-preview:-1\" \/>\n<link rel=\"canonical\" href=\"https:\/\/aromarmusicadanza.com\/index.php\/membership-join\/membership-registration\/\" \/>\n<meta property=\"og:locale\" content=\"es_ES\" \/>\n<meta property=\"og:type\" content=\"article\" \/>\n<meta property=\"og:title\" content=\"Registro - AROMAR\" \/>\n<meta property=\"og:url\" content=\"https:\/\/aromarmusicadanza.com\/index.php\/membership-join\/membership-registration\/\" \/>\n<meta property=\"og:site_name\" content=\"AROMAR\" \/>\n<meta name=\"twitter:card\" content=\"summary_large_image\" \/>\n<script type=\"application\/ld+json\" class=\"yoast-schema-graph\">{\"@context\":\"https:\/\/schema.org\",\"@graph\":[{\"@type\":\"WebPage\",\"@id\":\"https:\/\/aromarmusicadanza.com\/index.php\/membership-join\/membership-registration\/\",\"url\":\"https:\/\/aromarmusicadanza.com\/index.php\/membership-join\/membership-registration\/\",\"name\":\"Registro - AROMAR\",\"isPartOf\":{\"@id\":\"https:\/\/aromarmusicadanza.com\/#website\"},\"datePublished\":\"2022-03-04T12:33:01+00:00\",\"breadcrumb\":{\"@id\":\"https:\/\/aromarmusicadanza.com\/index.php\/membership-join\/membership-registration\/#breadcrumb\"},\"inLanguage\":\"es\",\"potentialAction\":[{\"@type\":\"ReadAction\",\"target\":[\"https:\/\/aromarmusicadanza.com\/index.php\/membership-join\/membership-registration\/\"]}]},{\"@type\":\"BreadcrumbList\",\"@id\":\"https:\/\/aromarmusicadanza.com\/index.php\/membership-join\/membership-registration\/#breadcrumb\",\"itemListElement\":[{\"@type\":\"ListItem\",\"position\":1,\"name\":\"Portada\",\"item\":\"https:\/\/aromarmusicadanza.com\/\"},{\"@type\":\"ListItem\",\"position\":2,\"name\":\"Join Us\",\"item\":\"https:\/\/aromarmusicadanza.com\/index.php\/membership-join\/\"},{\"@type\":\"ListItem\",\"position\":3,\"name\":\"Registro\"}]},{\"@type\":\"WebSite\",\"@id\":\"https:\/\/aromarmusicadanza.com\/#website\",\"url\":\"https:\/\/aromarmusicadanza.com\/\",\"name\":\"AROMAR\",\"description\":\"\",\"alternateName\":\"Escuela municipal de m\u00fasica Almu\u00f1ecar\",\"potentialAction\":[{\"@type\":\"SearchAction\",\"target\":{\"@type\":\"EntryPoint\",\"urlTemplate\":\"https:\/\/aromarmusicadanza.com\/?s={search_term_string}\"},\"query-input\":{\"@type\":\"PropertyValueSpecification\",\"valueRequired\":true,\"valueName\":\"search_term_string\"}}],\"inLanguage\":\"es\"}]}<\/script>\n<!-- \/ Yoast SEO plugin. -->","yoast_head_json":{"title":"Registro - AROMAR","robots":{"index":"index","follow":"follow","max-snippet":"max-snippet:-1","max-image-preview":"max-image-preview:large","max-video-preview":"max-video-preview:-1"},"canonical":"https:\/\/aromarmusicadanza.com\/index.php\/membership-join\/membership-registration\/","og_locale":"es_ES","og_type":"article","og_title":"Registro - AROMAR","og_url":"https:\/\/aromarmusicadanza.com\/index.php\/membership-join\/membership-registration\/","og_site_name":"AROMAR","twitter_card":"summary_large_image","schema":{"@context":"https:\/\/schema.org","@graph":[{"@type":"WebPage","@id":"https:\/\/aromarmusicadanza.com\/index.php\/membership-join\/membership-registration\/","url":"https:\/\/aromarmusicadanza.com\/index.php\/membership-join\/membership-registration\/","name":"Registro - AROMAR","isPartOf":{"@id":"https:\/\/aromarmusicadanza.com\/#website"},"datePublished":"2022-03-04T12:33:01+00:00","breadcrumb":{"@id":"https:\/\/aromarmusicadanza.com\/index.php\/membership-join\/membership-registration\/#breadcrumb"},"inLanguage":"es","potentialAction":[{"@type":"ReadAction","target":["https:\/\/aromarmusicadanza.com\/index.php\/membership-join\/membership-registration\/"]}]},{"@type":"BreadcrumbList","@id":"https:\/\/aromarmusicadanza.com\/index.php\/membership-join\/membership-registration\/#breadcrumb","itemListElement":[{"@type":"ListItem","position":1,"name":"Portada","item":"https:\/\/aromarmusicadanza.com\/"},{"@type":"ListItem","position":2,"name":"Join Us","item":"https:\/\/aromarmusicadanza.com\/index.php\/membership-join\/"},{"@type":"ListItem","position":3,"name":"Registro"}]},{"@type":"WebSite","@id":"https:\/\/aromarmusicadanza.com\/#website","url":"https:\/\/aromarmusicadanza.com\/","name":"AROMAR","description":"","alternateName":"Escuela municipal de m\u00fasica Almu\u00f1ecar","potentialAction":[{"@type":"SearchAction","target":{"@type":"EntryPoint","urlTemplate":"https:\/\/aromarmusicadanza.com\/?s={search_term_string}"},"query-input":{"@type":"PropertyValueSpecification","valueRequired":true,"valueName":"search_term_string"}}],"inLanguage":"es"}]}},"_links":{"self":[{"href":"https:\/\/aromarmusicadanza.com\/index.php\/wp-json\/wp\/v2\/pages\/388","targetHints":{"allow":["GET"]}}],"collection":[{"href":"https:\/\/aromarmusicadanza.com\/index.php\/wp-json\/wp\/v2\/pages"}],"about":[{"href":"https:\/\/aromarmusicadanza.com\/index.php\/wp-json\/wp\/v2\/types\/page"}],"author":[{"embeddable":true,"href":"https:\/\/aromarmusicadanza.com\/index.php\/wp-json\/wp\/v2\/users\/1"}],"replies":[{"embeddable":true,"href":"https:\/\/aromarmusicadanza.com\/index.php\/wp-json\/wp\/v2\/comments?post=388"}],"version-history":[{"count":0,"href":"https:\/\/aromarmusicadanza.com\/index.php\/wp-json\/wp\/v2\/pages\/388\/revisions"}],"up":[{"embeddable":true,"href":"https:\/\/aromarmusicadanza.com\/index.php\/wp-json\/wp\/v2\/pages\/387"}],"wp:attachment":[{"href":"https:\/\/aromarmusicadanza.com\/index.php\/wp-json\/wp\/v2\/media?parent=388"}],"curies":[{"name":"wp","href":"https:\/\/api.w.org\/{rel}","templated":true}]}}