{"id":272,"date":"2021-06-25T16:45:14","date_gmt":"2021-06-25T16:45:14","guid":{"rendered":"https:\/\/aromarmusicadanza.com\/?page_id=272"},"modified":"2022-03-14T10:01:58","modified_gmt":"2022-03-14T10:01:58","slug":"conocenos","status":"publish","type":"page","link":"https:\/\/aromarmusicadanza.com\/index.php\/conocenos\/","title":{"rendered":"Con\u00f3cenos"},"content":{"rendered":"\n<div class=\"wp-block-columns is-layout-flex wp-container-core-columns-is-layout-9d6595d7 wp-block-columns-is-layout-flex\">\n<div class=\"wp-block-column is-layout-flow wp-block-column-is-layout-flow\" style=\"flex-basis:66.66%\">\n<p><\/p>\n\n\n\n<p><\/p>\n\n\n\n<p style=\"font-size:17px\">AROMAR nace en el a\u00f1o 1994 cuando su directora, Mar\u00eda Asunci\u00f3n Rodr\u00edguez Martin, titulada l en Grado superior de Danza, se traslada desde Madrid al finalizar sus estudios al municipio de Almu\u00f1\u00e9car para realizar un proyecto de implantaci\u00f3n de ense\u00f1anzas profesionales de Danza en este bello lugar. En el a\u00f1o 1999 AROMAR se convierte en la primera Escuela profesional de Danza con sede propia situada en calle lonja 3 de Almu\u00f1\u00e9car, donde se ofertan todas las especialidades de danza incluyendo tambi\u00e9n la interpretaci\u00f3n y el teatro, y es conocida en el municipio por sus festivales tematizados referente de muchos espect\u00e1culos que posteriormente se han venido realizando por las diferentes academias de la zona.<\/p>\n<\/div>\n\n\n\n<div class=\"wp-block-column is-layout-flow wp-block-column-is-layout-flow\" style=\"flex-basis:33.33%\">\n<div class=\"wp-block-image\"><figure class=\"aligncenter size-full\"><img loading=\"lazy\" decoding=\"async\" width=\"726\" height=\"392\" src=\"https:\/\/aromarmusicadanza.com\/wp-content\/uploads\/2022\/03\/desde1994.jpg\" alt=\"\" class=\"wp-image-486\" srcset=\"https:\/\/aromarmusicadanza.com\/wp-content\/uploads\/2022\/03\/desde1994.jpg 726w, https:\/\/aromarmusicadanza.com\/wp-content\/uploads\/2022\/03\/desde1994-300x162.jpg 300w\" sizes=\"auto, (max-width: 726px) 100vw, 726px\" \/><\/figure><\/div>\n<\/div>\n<\/div>\n\n\n\n<div class=\"wp-block-columns is-layout-flex wp-container-core-columns-is-layout-9d6595d7 wp-block-columns-is-layout-flex\">\n<div class=\"wp-block-column is-layout-flow wp-block-column-is-layout-flow\" style=\"flex-basis:33.33%\">\n<figure class=\"wp-block-image size-full is-resized\"><img loading=\"lazy\" decoding=\"async\" src=\"https:\/\/aromarmusicadanza.com\/wp-content\/uploads\/2022\/03\/unicos_.jpg\" alt=\"\" class=\"wp-image-488\" width=\"324\" height=\"256\" srcset=\"https:\/\/aromarmusicadanza.com\/wp-content\/uploads\/2022\/03\/unicos_.jpg 350w, https:\/\/aromarmusicadanza.com\/wp-content\/uploads\/2022\/03\/unicos_-300x237.jpg 300w\" sizes=\"auto, (max-width: 324px) 100vw, 324px\" \/><\/figure>\n<\/div>\n\n\n\n<div class=\"wp-block-column is-layout-flow wp-block-column-is-layout-flow\" style=\"flex-basis:66.66%\">\n<p><\/p>\n\n\n\n<p style=\"font-size:17px\">En el a\u00f1o 2019 y despu\u00e9s tener consolidado un alumnado profesional con mas de 200 alumnos, Aromar consigue ser reconocido como Centro Autorizado en Ense\u00f1anzas profesionales de Danza Cl\u00e1sica, convirti\u00e9ndose en el primer conservatorio privado de la Costa Tropical con titulaci\u00f3n oficial. En 2021 amplia su oferta profesional, con la especialidad de Danza Contempor\u00e1nea. Convirti\u00e9ndose en el \u00fanico Centro Autorizado con dos especialidades de danza a ofertar en toda Andaluc\u00eda.<\/p>\n\n\n\n<p style=\"font-size:17px\">En el a\u00f1o 2020 AROMAR\u00a0 asume la nueva direcci\u00f3n de la Escuela Municipal de M\u00fasica y Danza de Almu\u00f1\u00e9car, ampliando la oferta \u00a0educativa reglada, con\u00a0 <strong>ense\u00f1anzas elementales de m\u00fasica y\u00a0 de danza<\/strong> y ampliando instalaciones con un edificio municipal de mas de 2000 metros de espacios adecuados a las ense\u00f1anzas art\u00edsticas de M\u00fasica, Danza y Teatro.<\/p>\n<\/div>\n<\/div>\n\n\n\n<p style=\"font-size:17px\"><br>En el a\u00f1o 2020 AROMAR asume la nueva direcci\u00f3n de la Escuela Municipal de M\u00fasica y Danza, ampliando la oferta con ense\u00f1anzas elementales de iniciaci\u00f3n y ampliando instalaciones con un edificio municipal de mas de 2000 metros de espacios adecuados a las ense\u00f1anzas art\u00edsticas de M\u00fasica, Danza y Teatro.<\/p>\n\n\n\n<div class=\"wp-block-image\"><figure class=\"aligncenter size-large\"><img loading=\"lazy\" decoding=\"async\" width=\"1024\" height=\"366\" src=\"https:\/\/aromarmusicadanza.com\/wp-content\/uploads\/2022\/03\/instrumentos-1024x366.jpg\" alt=\"\" class=\"wp-image-489\" srcset=\"https:\/\/aromarmusicadanza.com\/wp-content\/uploads\/2022\/03\/instrumentos-1024x366.jpg 1024w, https:\/\/aromarmusicadanza.com\/wp-content\/uploads\/2022\/03\/instrumentos-300x107.jpg 300w, https:\/\/aromarmusicadanza.com\/wp-content\/uploads\/2022\/03\/instrumentos-768x274.jpg 768w, https:\/\/aromarmusicadanza.com\/wp-content\/uploads\/2022\/03\/instrumentos-1536x549.jpg 1536w, https:\/\/aromarmusicadanza.com\/wp-content\/uploads\/2022\/03\/instrumentos.jpg 1767w\" sizes=\"auto, (max-width: 1024px) 100vw, 1024px\" \/><\/figure><\/div>\n\n\n\n<p style=\"font-size:17px\"><br>Actualmente disponemos de mas de 300 alumnos entre m\u00fasica, danza y teatro, con un elenco de profesores titulados tanto en grado profesional como superior, ofertando la mejor calidad de ense\u00f1anza en todos los \u00e1mbitos art\u00edsticos de toda la Costa Tropical.<\/p>\n\n\n\n<p><\/p>\n\n\n<style>.wp-block-kadence-spacer.kt-block-spacer-_0d9c20-1f .kt-block-spacer{height:60px;}.wp-block-kadence-spacer.kt-block-spacer-_0d9c20-1f .kt-divider{border-top-width:1px;height:1px;border-top-color:#eee;width:80%;border-top-style:solid;}<\/style>\n<div class=\"wp-block-kadence-spacer aligncenter kt-block-spacer-_0d9c20-1f\"><div class=\"kt-block-spacer kt-block-spacer-halign-center\" style=\"height:60px\"><hr class=\"kt-divider\" style=\"border-top-color:#eee;border-top-width:1px;width:80%;border-top-style:solid\"\/><\/div><\/div>\n\n\n\n<p><\/p>\n","protected":false},"excerpt":{"rendered":"<p>AROMAR nace en el a\u00f1o 1994 cuando su directora, Mar\u00eda Asunci\u00f3n Rodr\u00edguez Martin, titulada l en Grado superior de Danza, se traslada desde Madrid al finalizar sus estudios al municipio de Almu\u00f1\u00e9car para realizar un proyecto de implantaci\u00f3n de ense\u00f1anzas &hellip; <a href=\"https:\/\/aromarmusicadanza.com\/index.php\/conocenos\/\">Continuar<\/a><\/p>\n","protected":false},"author":1,"featured_media":0,"parent":0,"menu_order":0,"comment_status":"closed","ping_status":"closed","template":"","meta":{"kt_blocks_editor_width":"","footnotes":""},"class_list":["post-272","page","type-page","status-publish","hentry"],"yoast_head":"<!-- This site is optimized with the Yoast SEO plugin v26.9 - https:\/\/yoast.com\/product\/yoast-seo-wordpress\/ -->\n<title>Con\u00f3cenos - AROMAR<\/title>\n<meta name=\"robots\" content=\"index, follow, max-snippet:-1, max-image-preview:large, max-video-preview:-1\" \/>\n<link rel=\"canonical\" href=\"https:\/\/aromarmusicadanza.com\/index.php\/conocenos\/\" \/>\n<meta property=\"og:locale\" content=\"es_ES\" \/>\n<meta property=\"og:type\" content=\"article\" \/>\n<meta property=\"og:title\" content=\"Con\u00f3cenos - AROMAR\" \/>\n<meta property=\"og:description\" content=\"AROMAR nace en el a\u00f1o 1994 cuando su directora, Mar\u00eda Asunci\u00f3n Rodr\u00edguez Martin, titulada l en Grado superior de Danza, se traslada desde Madrid al finalizar sus estudios al municipio de Almu\u00f1\u00e9car para realizar un proyecto de implantaci\u00f3n de ense\u00f1anzas &hellip; Continuar\" \/>\n<meta property=\"og:url\" content=\"https:\/\/aromarmusicadanza.com\/index.php\/conocenos\/\" \/>\n<meta property=\"og:site_name\" content=\"AROMAR\" \/>\n<meta property=\"article:modified_time\" content=\"2022-03-14T10:01:58+00:00\" \/>\n<meta property=\"og:image\" content=\"https:\/\/aromarmusicadanza.com\/wp-content\/uploads\/2022\/03\/desde1994.jpg\" \/>\n<meta name=\"twitter:card\" content=\"summary_large_image\" \/>\n<meta name=\"twitter:label1\" content=\"Tiempo de lectura\" \/>\n\t<meta name=\"twitter:data1\" content=\"2 minutos\" \/>\n<script type=\"application\/ld+json\" class=\"yoast-schema-graph\">{\"@context\":\"https:\/\/schema.org\",\"@graph\":[{\"@type\":\"WebPage\",\"@id\":\"https:\/\/aromarmusicadanza.com\/index.php\/conocenos\/\",\"url\":\"https:\/\/aromarmusicadanza.com\/index.php\/conocenos\/\",\"name\":\"Con\u00f3cenos - AROMAR\",\"isPartOf\":{\"@id\":\"https:\/\/aromarmusicadanza.com\/#website\"},\"primaryImageOfPage\":{\"@id\":\"https:\/\/aromarmusicadanza.com\/index.php\/conocenos\/#primaryimage\"},\"image\":{\"@id\":\"https:\/\/aromarmusicadanza.com\/index.php\/conocenos\/#primaryimage\"},\"thumbnailUrl\":\"https:\/\/aromarmusicadanza.com\/wp-content\/uploads\/2022\/03\/desde1994.jpg\",\"datePublished\":\"2021-06-25T16:45:14+00:00\",\"dateModified\":\"2022-03-14T10:01:58+00:00\",\"breadcrumb\":{\"@id\":\"https:\/\/aromarmusicadanza.com\/index.php\/conocenos\/#breadcrumb\"},\"inLanguage\":\"es\",\"potentialAction\":[{\"@type\":\"ReadAction\",\"target\":[\"https:\/\/aromarmusicadanza.com\/index.php\/conocenos\/\"]}]},{\"@type\":\"ImageObject\",\"inLanguage\":\"es\",\"@id\":\"https:\/\/aromarmusicadanza.com\/index.php\/conocenos\/#primaryimage\",\"url\":\"https:\/\/aromarmusicadanza.com\/wp-content\/uploads\/2022\/03\/desde1994.jpg\",\"contentUrl\":\"https:\/\/aromarmusicadanza.com\/wp-content\/uploads\/2022\/03\/desde1994.jpg\"},{\"@type\":\"BreadcrumbList\",\"@id\":\"https:\/\/aromarmusicadanza.com\/index.php\/conocenos\/#breadcrumb\",\"itemListElement\":[{\"@type\":\"ListItem\",\"position\":1,\"name\":\"Portada\",\"item\":\"https:\/\/aromarmusicadanza.com\/\"},{\"@type\":\"ListItem\",\"position\":2,\"name\":\"Con\u00f3cenos\"}]},{\"@type\":\"WebSite\",\"@id\":\"https:\/\/aromarmusicadanza.com\/#website\",\"url\":\"https:\/\/aromarmusicadanza.com\/\",\"name\":\"AROMAR\",\"description\":\"\",\"alternateName\":\"Escuela municipal de m\u00fasica Almu\u00f1ecar\",\"potentialAction\":[{\"@type\":\"SearchAction\",\"target\":{\"@type\":\"EntryPoint\",\"urlTemplate\":\"https:\/\/aromarmusicadanza.com\/?s={search_term_string}\"},\"query-input\":{\"@type\":\"PropertyValueSpecification\",\"valueRequired\":true,\"valueName\":\"search_term_string\"}}],\"inLanguage\":\"es\"}]}<\/script>\n<!-- \/ Yoast SEO plugin. -->","yoast_head_json":{"title":"Con\u00f3cenos - AROMAR","robots":{"index":"index","follow":"follow","max-snippet":"max-snippet:-1","max-image-preview":"max-image-preview:large","max-video-preview":"max-video-preview:-1"},"canonical":"https:\/\/aromarmusicadanza.com\/index.php\/conocenos\/","og_locale":"es_ES","og_type":"article","og_title":"Con\u00f3cenos - AROMAR","og_description":"AROMAR nace en el a\u00f1o 1994 cuando su directora, Mar\u00eda Asunci\u00f3n Rodr\u00edguez Martin, titulada l en Grado superior de Danza, se traslada desde Madrid al finalizar sus estudios al municipio de Almu\u00f1\u00e9car para realizar un proyecto de implantaci\u00f3n de ense\u00f1anzas &hellip; Continuar","og_url":"https:\/\/aromarmusicadanza.com\/index.php\/conocenos\/","og_site_name":"AROMAR","article_modified_time":"2022-03-14T10:01:58+00:00","og_image":[{"url":"https:\/\/aromarmusicadanza.com\/wp-content\/uploads\/2022\/03\/desde1994.jpg","type":"","width":"","height":""}],"twitter_card":"summary_large_image","twitter_misc":{"Tiempo de lectura":"2 minutos"},"schema":{"@context":"https:\/\/schema.org","@graph":[{"@type":"WebPage","@id":"https:\/\/aromarmusicadanza.com\/index.php\/conocenos\/","url":"https:\/\/aromarmusicadanza.com\/index.php\/conocenos\/","name":"Con\u00f3cenos - AROMAR","isPartOf":{"@id":"https:\/\/aromarmusicadanza.com\/#website"},"primaryImageOfPage":{"@id":"https:\/\/aromarmusicadanza.com\/index.php\/conocenos\/#primaryimage"},"image":{"@id":"https:\/\/aromarmusicadanza.com\/index.php\/conocenos\/#primaryimage"},"thumbnailUrl":"https:\/\/aromarmusicadanza.com\/wp-content\/uploads\/2022\/03\/desde1994.jpg","datePublished":"2021-06-25T16:45:14+00:00","dateModified":"2022-03-14T10:01:58+00:00","breadcrumb":{"@id":"https:\/\/aromarmusicadanza.com\/index.php\/conocenos\/#breadcrumb"},"inLanguage":"es","potentialAction":[{"@type":"ReadAction","target":["https:\/\/aromarmusicadanza.com\/index.php\/conocenos\/"]}]},{"@type":"ImageObject","inLanguage":"es","@id":"https:\/\/aromarmusicadanza.com\/index.php\/conocenos\/#primaryimage","url":"https:\/\/aromarmusicadanza.com\/wp-content\/uploads\/2022\/03\/desde1994.jpg","contentUrl":"https:\/\/aromarmusicadanza.com\/wp-content\/uploads\/2022\/03\/desde1994.jpg"},{"@type":"BreadcrumbList","@id":"https:\/\/aromarmusicadanza.com\/index.php\/conocenos\/#breadcrumb","itemListElement":[{"@type":"ListItem","position":1,"name":"Portada","item":"https:\/\/aromarmusicadanza.com\/"},{"@type":"ListItem","position":2,"name":"Con\u00f3cenos"}]},{"@type":"WebSite","@id":"https:\/\/aromarmusicadanza.com\/#website","url":"https:\/\/aromarmusicadanza.com\/","name":"AROMAR","description":"","alternateName":"Escuela municipal de m\u00fasica Almu\u00f1ecar","potentialAction":[{"@type":"SearchAction","target":{"@type":"EntryPoint","urlTemplate":"https:\/\/aromarmusicadanza.com\/?s={search_term_string}"},"query-input":{"@type":"PropertyValueSpecification","valueRequired":true,"valueName":"search_term_string"}}],"inLanguage":"es"}]}},"_links":{"self":[{"href":"https:\/\/aromarmusicadanza.com\/index.php\/wp-json\/wp\/v2\/pages\/272","targetHints":{"allow":["GET"]}}],"collection":[{"href":"https:\/\/aromarmusicadanza.com\/index.php\/wp-json\/wp\/v2\/pages"}],"about":[{"href":"https:\/\/aromarmusicadanza.com\/index.php\/wp-json\/wp\/v2\/types\/page"}],"author":[{"embeddable":true,"href":"https:\/\/aromarmusicadanza.com\/index.php\/wp-json\/wp\/v2\/users\/1"}],"replies":[{"embeddable":true,"href":"https:\/\/aromarmusicadanza.com\/index.php\/wp-json\/wp\/v2\/comments?post=272"}],"version-history":[{"count":2,"href":"https:\/\/aromarmusicadanza.com\/index.php\/wp-json\/wp\/v2\/pages\/272\/revisions"}],"predecessor-version":[{"id":490,"href":"https:\/\/aromarmusicadanza.com\/index.php\/wp-json\/wp\/v2\/pages\/272\/revisions\/490"}],"wp:attachment":[{"href":"https:\/\/aromarmusicadanza.com\/index.php\/wp-json\/wp\/v2\/media?parent=272"}],"curies":[{"name":"wp","href":"https:\/\/api.w.org\/{rel}","templated":true}]}}