{"id":245,"date":"2021-05-21T12:01:37","date_gmt":"2021-05-21T12:01:37","guid":{"rendered":"https:\/\/aromarmusicadanza.com\/?page_id=245"},"modified":"2022-03-14T08:17:11","modified_gmt":"2022-03-14T08:17:11","slug":"musica-ensenanza-reglada","status":"publish","type":"page","link":"https:\/\/aromarmusicadanza.com\/index.php\/musica-ensenanza-reglada\/","title":{"rendered":"M\u00daSICA: Ense\u00f1anza Reglada"},"content":{"rendered":"\n<p><\/p>\n\n\n<style>#kt-layout-id_09b314-ce > .kt-row-column-wrap{align-content:start;}:where(#kt-layout-id_09b314-ce > .kt-row-column-wrap) > .wp-block-kadence-column{justify-content:start;}#kt-layout-id_09b314-ce > .kt-row-column-wrap{column-gap:var(--global-kb-gap-md, 2rem);row-gap:var(--global-kb-gap-md, 2rem);max-width:1140px;margin-left:auto;margin-right:auto;padding-top:var( --global-kb-row-default-top, 25px );padding-bottom:var( --global-kb-row-default-bottom, 25px );padding-top:80px;padding-bottom:80px;}#kt-layout-id_09b314-ce > .kt-row-column-wrap > div:not(.added-for-specificity){grid-column:initial;}#kt-layout-id_09b314-ce > .kt-row-column-wrap{grid-template-columns:minmax(0, 1fr);}#kt-layout-id_09b314-ce{background-color:#f9f9f9;}#kt-layout-id_09b314-ce > .kt-row-layout-overlay{opacity:0.30;}#kt-layout-id_09b314-ce .kt-row-layout-bottom-sep{height:100px;}#kt-layout-id_09b314-ce .kt-row-layout-bottom-sep svg{width:100%;}#kt-layout-id_09b314-ce .kt-row-layout-bottom-sep svg{fill:#ffffff!important;}@media all and (max-width: 1024px){#kt-layout-id_09b314-ce > .kt-row-column-wrap > div:not(.added-for-specificity){grid-column:initial;}}@media all and (max-width: 1024px){#kt-layout-id_09b314-ce > .kt-row-column-wrap{grid-template-columns:minmax(0, 1fr);}}@media all and (max-width: 1024px){#kt-layout-id_09b314-ce .kt-row-layout-bottom-sep{height:px;}}@media all and (max-width: 1024px){#kt-layout-id_09b314-ce .kt-row-layout-bottom-sep svg{width:%;}}@media all and (max-width: 767px){#kt-layout-id_09b314-ce > .kt-row-column-wrap > div:not(.added-for-specificity){grid-column:initial;}#kt-layout-id_09b314-ce > .kt-row-column-wrap{grid-template-columns:minmax(0, 1fr);}#kt-layout-id_09b314-ce .kt-row-layout-bottom-sep{height:px;}#kt-layout-id_09b314-ce .kt-row-layout-bottom-sep svg{width:%;}}<\/style>\n<div class=\"wp-block-kadence-rowlayout alignfull\"><div id=\"kt-layout-id_09b314-ce\" class=\"kt-row-layout-inner kt-row-has-bg kt-layout-id_09b314-ce\"><div class=\"kt-row-column-wrap kt-has-3-columns kt-gutter-default kt-v-gutter-default kt-row-valign-top kt-row-layout-row kt-tab-layout-inherit kt-m-colapse-left-to-right kt-mobile-layout-row\"><style>.kadence-column_6a3cb5-d4 > .kt-inside-inner-col{border-top-width:0px;border-right-width:0px;border-bottom-width:0px;border-left-width:0px;}.kadence-column_6a3cb5-d4 > .kt-inside-inner-col,.kadence-column_6a3cb5-d4 > .kt-inside-inner-col:before{border-top-left-radius:0px;border-top-right-radius:0px;border-bottom-right-radius:0px;border-bottom-left-radius:0px;}.kadence-column_6a3cb5-d4 > .kt-inside-inner-col{column-gap:var(--global-kb-gap-sm, 1rem);}.kadence-column_6a3cb5-d4 > .kt-inside-inner-col{flex-direction:column;}.kadence-column_6a3cb5-d4 > .kt-inside-inner-col > .aligncenter{width:100%;}.kadence-column_6a3cb5-d4 > .kt-inside-inner-col:before{opacity:0.3;}.kadence-column_6a3cb5-d4{position:relative;}@media all and (max-width: 1024px){.kadence-column_6a3cb5-d4 > .kt-inside-inner-col{flex-direction:column;justify-content:center;}}@media all and (max-width: 767px){.kadence-column_6a3cb5-d4 > .kt-inside-inner-col{flex-direction:column;justify-content:center;}}<\/style>\n<div class=\"wp-block-kadence-column inner-column-1 kadence-column_6a3cb5-d4\"><div class=\"kt-inside-inner-col\"><style>.wp-block-kadence-column.kb-section-dir-horizontal > .kt-inside-inner-col > #kt-info-box_005009-62 .kt-blocks-info-box-link-wrap{max-width:unset;}#kt-info-box_005009-62 .kt-blocks-info-box-link-wrap{border-color:#186faf;border-radius:20px;border-top-width:5px;border-right-width:5px;border-bottom-width:5px;border-left-width:5px;background:#ffffff;padding-top:24px;padding-right:24px;padding-bottom:24px;padding-left:24px;margin-top:50px;}#kt-info-box_005009-62 .kt-blocks-info-box-link-wrap:hover{border-color:#186faf;background:#ffffff;}#kt-info-box_005009-62 .kadence-info-box-icon-container .kt-info-svg-icon, #kt-info-box_005009-62 .kt-info-svg-icon-flip, #kt-info-box_005009-62 .kt-blocks-info-box-number{font-size:50px;}#kt-info-box_005009-62 .kt-blocks-info-box-media{color:#186faf;background:#ffffff;border-color:#eeeeee;border-radius:200px;overflow:hidden;border-top-width:5px;border-right-width:5px;border-bottom-width:5px;border-left-width:5px;padding-top:20px;padding-right:20px;padding-bottom:20px;padding-left:20px;}#kt-info-box_005009-62 .kt-blocks-info-box-media-container{margin-top:-75px;margin-right:0px;margin-bottom:20px;margin-left:0px;}#kt-info-box_005009-62 .kt-blocks-info-box-media .kadence-info-box-image-intrisic img{border-radius:200px;}#kt-info-box_005009-62 .kt-blocks-info-box-link-wrap:hover .kt-blocks-info-box-media{color:#186faf;background:#ffffff;border-color:#eeeeee;}#kt-info-box_005009-62 .kt-infobox-textcontent h4.kt-blocks-info-box-title{color:#186faf;font-size:24px;line-height:26px;font-family:Montserrat;font-style:normal;font-weight:700;padding-top:0px;padding-right:0px;padding-bottom:0px;padding-left:0px;margin-top:5px;margin-right:0px;margin-bottom:10px;margin-left:0px;}#kt-info-box_005009-62 .kt-blocks-info-box-link-wrap:hover h4.kt-blocks-info-box-title{color:#186faf;}#kt-info-box_005009-62 .kt-infobox-textcontent .kt-blocks-info-box-text{color:#545e69;}#kt-info-box_005009-62 .kt-blocks-info-box-link-wrap:hover .kt-blocks-info-box-text{color:#545e69;}#kt-info-box_005009-62 .kt-blocks-info-box-learnmore{color:#4a627b;background:#ffffff;border-color:#e4e8ec;font-size:14px;font-family:Montserrat;font-style:normal;font-weight:600;border-width:1px 0px 0px 0px;padding-top:20px;padding-right:8px;padding-bottom:4px;padding-left:8px;margin-top:25px;margin-right:0px;margin-bottom:10px;margin-left:0px;}#kt-info-box_005009-62 .kt-blocks-info-box-link-wrap:hover .kt-blocks-info-box-learnmore,#kt-info-box_005009-62 .kt-blocks-info-box-link-wrap .kt-blocks-info-box-learnmore:focus{color:#4a627b;background:#ffffff;border-color:#e4e8ec;}#kt-info-box_005009-62 .kt-blocks-info-box-link-wrap{box-shadow:0px 0px 1px 0px rgba(0, 0, 0, 0.2);}#kt-info-box_005009-62 .kt-blocks-info-box-link-wrap:hover{box-shadow:0px 0px 14px 0px rgba(0, 0, 0, 0.2);}@media all and (max-width: 1024px){#kt-info-box_005009-62 .kt-blocks-info-box-link-wrap{box-shadow:0px 0px 1px 0px rgba(0, 0, 0, 0.2);}}@media all and (max-width: 1024px){#kt-info-box_005009-62 .kt-blocks-info-box-link-wrap:hover{box-shadow:0px 0px 14px 0px rgba(0, 0, 0, 0.2);}}@media all and (max-width: 767px){#kt-info-box_005009-62 .kt-blocks-info-box-link-wrap{box-shadow:0px 0px 1px 0px rgba(0, 0, 0, 0.2);}#kt-info-box_005009-62 .kt-blocks-info-box-link-wrap:hover{box-shadow:0px 0px 14px 0px rgba(0, 0, 0, 0.2);}}<\/style>\n<div id=\"kt-info-box_005009-62\" class=\"wp-block-kadence-infobox\"><a class=\"kt-blocks-info-box-link-wrap info-box-link kt-blocks-info-box-media-align-top kt-info-halign-center\"><div class=\"kt-blocks-info-box-media-container\"><div class=\"kt-blocks-info-box-media kt-info-media-animate-none\"><div class=\"kadence-info-box-icon-container kt-info-icon-animate-none\"><div class=\"kadence-info-box-icon-inner-container\"><span style=\"display:block;justify-content:center;align-items:center\" class=\"kt-info-svg-icon kt-info-svg-icon-fe_music\"><svg style=\"display:inline-block;vertical-align:middle\" viewbox=\"0 0 24 24\" height=\"50\" width=\"50\" fill=\"none\" stroke=\"currentColor\" xmlns=\"http:\/\/www.w3.org\/2000\/svg\" stroke-width=\"2\" stroke-linecap=\"round\" stroke-linejoin=\"round\"><path d=\"M9 17H5a2 2 0 0 0-2 2 2 2 0 0 0 2 2h2a2 2 0 0 0 2-2zm12-2h-4a2 2 0 0 0-2 2 2 2 0 0 0 2 2h2a2 2 0 0 0 2-2z\"><\/path><polyline points=\"9 17 9 5 21 3 21 15\"><\/polyline><\/svg><\/span><\/div><\/div><\/div><\/div><div class=\"kt-infobox-textcontent\"><h4 class=\"kt-blocks-info-box-title\">INICIACI\u00d3N MUSICAL<\/h4><p class=\"kt-blocks-info-box-text\">MUSICA Y MOVIMIENTO <br\/>(2 horas semanales) DE 3 A 5 A\u00d1OS.<br\/>(2 horas semanales) DE 5 A 7 A\u00d1OS.<br\/>+ TALLER DE INSTRUMENTO (Opcional)<br\/><\/p><\/div><\/a><\/div>\n<\/div><\/div>\n\n\n<style>.kadence-column_21ac8c-de > .kt-inside-inner-col{border-top-width:0px;border-right-width:0px;border-bottom-width:0px;border-left-width:0px;}.kadence-column_21ac8c-de > .kt-inside-inner-col,.kadence-column_21ac8c-de > .kt-inside-inner-col:before{border-top-left-radius:0px;border-top-right-radius:0px;border-bottom-right-radius:0px;border-bottom-left-radius:0px;}.kadence-column_21ac8c-de > .kt-inside-inner-col{column-gap:var(--global-kb-gap-sm, 1rem);}.kadence-column_21ac8c-de > .kt-inside-inner-col{flex-direction:column;}.kadence-column_21ac8c-de > .kt-inside-inner-col > .aligncenter{width:100%;}.kadence-column_21ac8c-de > .kt-inside-inner-col:before{opacity:0.3;}.kadence-column_21ac8c-de{position:relative;}@media all and (max-width: 1024px){.kadence-column_21ac8c-de > .kt-inside-inner-col{flex-direction:column;justify-content:center;}}@media all and (max-width: 767px){.kadence-column_21ac8c-de > .kt-inside-inner-col{flex-direction:column;justify-content:center;}}<\/style>\n<div class=\"wp-block-kadence-column inner-column-2 kadence-column_21ac8c-de\"><div class=\"kt-inside-inner-col\"><style>.wp-block-kadence-column.kb-section-dir-horizontal > .kt-inside-inner-col > #kt-info-box_24bfe0-82 .kt-blocks-info-box-link-wrap{max-width:unset;}#kt-info-box_24bfe0-82 .kt-blocks-info-box-link-wrap{border-color:#f0b429;border-radius:20px;border-top-width:5px;border-right-width:5px;border-bottom-width:5px;border-left-width:5px;background:#ffffff;padding-top:24px;padding-right:24px;padding-bottom:24px;padding-left:24px;margin-top:50px;}#kt-info-box_24bfe0-82 .kt-blocks-info-box-link-wrap:hover{border-color:#f0b429;background:#ffffff;}#kt-info-box_24bfe0-82 .kadence-info-box-icon-container .kt-info-svg-icon, #kt-info-box_24bfe0-82 .kt-info-svg-icon-flip, #kt-info-box_24bfe0-82 .kt-blocks-info-box-number{font-size:50px;}#kt-info-box_24bfe0-82 .kt-blocks-info-box-media{color:#f0b429;background:#ffffff;border-color:#eeeeee;border-radius:200px;overflow:hidden;border-top-width:5px;border-right-width:5px;border-bottom-width:5px;border-left-width:5px;padding-top:20px;padding-right:20px;padding-bottom:20px;padding-left:20px;}#kt-info-box_24bfe0-82 .kt-blocks-info-box-media-container{margin-top:-75px;margin-right:0px;margin-bottom:20px;margin-left:0px;}#kt-info-box_24bfe0-82 .kt-blocks-info-box-media .kadence-info-box-image-intrisic img{border-radius:200px;}#kt-info-box_24bfe0-82 .kt-blocks-info-box-link-wrap:hover .kt-blocks-info-box-media{color:#f0b429;background:#ffffff;border-color:#eeeeee;}#kt-info-box_24bfe0-82 .kt-infobox-textcontent h4.kt-blocks-info-box-title{color:#f0b429;font-size:24px;line-height:26px;font-family:Montserrat;font-style:normal;font-weight:700;padding-top:0px;padding-right:0px;padding-bottom:0px;padding-left:0px;margin-top:5px;margin-right:0px;margin-bottom:10px;margin-left:0px;}#kt-info-box_24bfe0-82 .kt-blocks-info-box-link-wrap:hover h4.kt-blocks-info-box-title{color:#f0b429;}#kt-info-box_24bfe0-82 .kt-infobox-textcontent .kt-blocks-info-box-text{color:#545e69;}#kt-info-box_24bfe0-82 .kt-blocks-info-box-link-wrap:hover .kt-blocks-info-box-text{color:#545e69;}#kt-info-box_24bfe0-82 .kt-blocks-info-box-learnmore{color:#4a627b;background:#ffffff;border-color:#e4e8ec;font-size:14px;font-family:Montserrat;font-style:normal;font-weight:600;border-width:1px 0px 0px 0px;padding-top:20px;padding-right:8px;padding-bottom:4px;padding-left:8px;margin-top:25px;margin-right:0px;margin-bottom:10px;margin-left:0px;}#kt-info-box_24bfe0-82 .kt-blocks-info-box-link-wrap:hover .kt-blocks-info-box-learnmore,#kt-info-box_24bfe0-82 .kt-blocks-info-box-link-wrap .kt-blocks-info-box-learnmore:focus{color:#4a627b;background:#ffffff;border-color:#e4e8ec;}#kt-info-box_24bfe0-82 .kt-blocks-info-box-link-wrap{box-shadow:0px 0px 1px 0px rgba(0, 0, 0, 0.2);}#kt-info-box_24bfe0-82 .kt-blocks-info-box-link-wrap:hover{box-shadow:0px 0px 14px 0px rgba(0, 0, 0, 0.2);}@media all and (max-width: 1024px){#kt-info-box_24bfe0-82 .kt-blocks-info-box-link-wrap{box-shadow:0px 0px 1px 0px rgba(0, 0, 0, 0.2);}}@media all and (max-width: 1024px){#kt-info-box_24bfe0-82 .kt-blocks-info-box-link-wrap:hover{box-shadow:0px 0px 14px 0px rgba(0, 0, 0, 0.2);}}@media all and (max-width: 767px){#kt-info-box_24bfe0-82 .kt-blocks-info-box-link-wrap{box-shadow:0px 0px 1px 0px rgba(0, 0, 0, 0.2);}#kt-info-box_24bfe0-82 .kt-blocks-info-box-link-wrap:hover{box-shadow:0px 0px 14px 0px rgba(0, 0, 0, 0.2);}}<\/style>\n<div id=\"kt-info-box_24bfe0-82\" class=\"wp-block-kadence-infobox\"><a class=\"kt-blocks-info-box-link-wrap info-box-link kt-blocks-info-box-media-align-top kt-info-halign-center\"><div class=\"kt-blocks-info-box-media-container\"><div class=\"kt-blocks-info-box-media kt-info-media-animate-none\"><div class=\"kadence-info-box-icon-container kt-info-icon-animate-none\"><div class=\"kadence-info-box-icon-inner-container\"><span style=\"display:block;justify-content:center;align-items:center\" class=\"kt-info-svg-icon kt-info-svg-icon-fe_headphones\"><svg style=\"display:inline-block;vertical-align:middle\" viewbox=\"0 0 24 24\" height=\"50\" width=\"50\" fill=\"none\" stroke=\"currentColor\" xmlns=\"http:\/\/www.w3.org\/2000\/svg\" stroke-width=\"2\" stroke-linecap=\"round\" stroke-linejoin=\"round\"><path d=\"M3 18v-6a9 9 0 0 1 18 0v6\"><\/path><path d=\"M21 19a2 2 0 0 1-2 2h-1a2 2 0 0 1-2-2v-3a2 2 0 0 1 2-2h3zM3 19a2 2 0 0 0 2 2h1a2 2 0 0 0 2-2v-3a2 2 0 0 0-2-2H3z\"><\/path><\/svg><\/span><\/div><\/div><\/div><\/div><div class=\"kt-infobox-textcontent\"><h4 class=\"kt-blocks-info-box-title\"><strong><strong>ENSE\u00d1ANZA ELEMENTAL DE MUSICA<\/strong><\/strong><\/h4><p class=\"kt-blocks-info-box-text\">4 CURSOS DIVIDIDOS EN 2 CICLOS:<br\/><br\/>&#8211; PRIMER CICLO 1\u00ba Y 2\u00ba (4 horas semanales)<br\/>LENGUAJE MUSICAL 2 HORAS<br\/>INSTRUM. GRUPAL 1-2 HORAS<br\/><br\/><br\/>&#8211; SEGUNDO CICLO 3\u00ba Y 4\u00ba (4,5 horas semanales)<br\/>LENGUAJE MUSICAL 2 HORAS<br\/>1\/2 HORA INSTRUM. INDIVIDUAL<br\/>1 HORA CORO<br\/>1 HORA AGRUPACI\u00d3N MUSICAL<br\/><\/p><\/div><\/a><\/div>\n<\/div><\/div>\n\n\n<style>.kadence-column_c1699e-52 > .kt-inside-inner-col{border-top-width:0px;border-right-width:0px;border-bottom-width:0px;border-left-width:0px;}.kadence-column_c1699e-52 > .kt-inside-inner-col,.kadence-column_c1699e-52 > .kt-inside-inner-col:before{border-top-left-radius:0px;border-top-right-radius:0px;border-bottom-right-radius:0px;border-bottom-left-radius:0px;}.kadence-column_c1699e-52 > .kt-inside-inner-col{column-gap:var(--global-kb-gap-sm, 1rem);}.kadence-column_c1699e-52 > .kt-inside-inner-col{flex-direction:column;}.kadence-column_c1699e-52 > .kt-inside-inner-col > .aligncenter{width:100%;}.kadence-column_c1699e-52 > .kt-inside-inner-col:before{opacity:0.3;}.kadence-column_c1699e-52{position:relative;}@media all and (max-width: 1024px){.kadence-column_c1699e-52 > .kt-inside-inner-col{flex-direction:column;justify-content:center;}}@media all and (max-width: 767px){.kadence-column_c1699e-52 > .kt-inside-inner-col{flex-direction:column;justify-content:center;}}<\/style>\n<div class=\"wp-block-kadence-column inner-column-3 kadence-column_c1699e-52\"><div class=\"kt-inside-inner-col\"><style>.wp-block-kadence-column.kb-section-dir-horizontal > .kt-inside-inner-col > #kt-info-box_971bdd-49 .kt-blocks-info-box-link-wrap{max-width:unset;}#kt-info-box_971bdd-49 .kt-blocks-info-box-link-wrap{border-color:#a51f00;border-radius:20px;border-top-width:5px;border-right-width:5px;border-bottom-width:5px;border-left-width:5px;background:#ffffff;padding-top:24px;padding-right:24px;padding-bottom:24px;padding-left:24px;margin-top:50px;}#kt-info-box_971bdd-49 .kt-blocks-info-box-link-wrap:hover{border-color:#a51f00;background:#ffffff;}#kt-info-box_971bdd-49 .kadence-info-box-icon-container .kt-info-svg-icon, #kt-info-box_971bdd-49 .kt-info-svg-icon-flip, #kt-info-box_971bdd-49 .kt-blocks-info-box-number{font-size:50px;}#kt-info-box_971bdd-49 .kt-blocks-info-box-media{color:#a51f00;background:#ffffff;border-color:#eeeeee;border-radius:200px;overflow:hidden;border-top-width:5px;border-right-width:5px;border-bottom-width:5px;border-left-width:5px;padding-top:20px;padding-right:20px;padding-bottom:20px;padding-left:20px;}#kt-info-box_971bdd-49 .kt-blocks-info-box-media-container{margin-top:-75px;margin-right:0px;margin-bottom:20px;margin-left:0px;}#kt-info-box_971bdd-49 .kt-blocks-info-box-media .kadence-info-box-image-intrisic img{border-radius:200px;}#kt-info-box_971bdd-49 .kt-blocks-info-box-link-wrap:hover .kt-blocks-info-box-media{color:#a51f00;background:#ffffff;border-color:#eeeeee;}#kt-info-box_971bdd-49 .kt-infobox-textcontent h4.kt-blocks-info-box-title{color:#a51f00;font-size:24px;line-height:26px;font-family:Montserrat;font-style:normal;font-weight:700;padding-top:0px;padding-right:0px;padding-bottom:0px;padding-left:0px;margin-top:5px;margin-right:0px;margin-bottom:10px;margin-left:0px;}#kt-info-box_971bdd-49 .kt-blocks-info-box-link-wrap:hover h4.kt-blocks-info-box-title{color:#a51f00;}#kt-info-box_971bdd-49 .kt-infobox-textcontent .kt-blocks-info-box-text{color:#545e69;}#kt-info-box_971bdd-49 .kt-blocks-info-box-link-wrap:hover .kt-blocks-info-box-text{color:#545e69;}#kt-info-box_971bdd-49 .kt-blocks-info-box-learnmore{color:#4a627b;background:#ffffff;border-color:#e4e8ec;font-size:14px;font-family:Montserrat;font-style:normal;font-weight:600;border-width:1px 0px 0px 0px;padding-top:20px;padding-right:8px;padding-bottom:4px;padding-left:8px;margin-top:25px;margin-right:0px;margin-bottom:10px;margin-left:0px;}#kt-info-box_971bdd-49 .kt-blocks-info-box-link-wrap:hover .kt-blocks-info-box-learnmore,#kt-info-box_971bdd-49 .kt-blocks-info-box-link-wrap .kt-blocks-info-box-learnmore:focus{color:#4a627b;background:#ffffff;border-color:#e4e8ec;}#kt-info-box_971bdd-49 .kt-blocks-info-box-link-wrap{box-shadow:0px 0px 1px 0px rgba(0, 0, 0, 0.2);}#kt-info-box_971bdd-49 .kt-blocks-info-box-link-wrap:hover{box-shadow:0px 0px 14px 0px rgba(0, 0, 0, 0.2);}@media all and (max-width: 1024px){#kt-info-box_971bdd-49 .kt-blocks-info-box-link-wrap{box-shadow:0px 0px 1px 0px rgba(0, 0, 0, 0.2);}}@media all and (max-width: 1024px){#kt-info-box_971bdd-49 .kt-blocks-info-box-link-wrap:hover{box-shadow:0px 0px 14px 0px rgba(0, 0, 0, 0.2);}}@media all and (max-width: 767px){#kt-info-box_971bdd-49 .kt-blocks-info-box-link-wrap{box-shadow:0px 0px 1px 0px rgba(0, 0, 0, 0.2);}#kt-info-box_971bdd-49 .kt-blocks-info-box-link-wrap:hover{box-shadow:0px 0px 14px 0px rgba(0, 0, 0, 0.2);}}<\/style>\n<div id=\"kt-info-box_971bdd-49\" class=\"wp-block-kadence-infobox\"><a class=\"kt-blocks-info-box-link-wrap info-box-link kt-blocks-info-box-media-align-top kt-info-halign-center\"><div class=\"kt-blocks-info-box-media-container\"><div class=\"kt-blocks-info-box-media kt-info-media-animate-none\"><div class=\"kadence-info-box-icon-container kt-info-icon-animate-none\"><div class=\"kadence-info-box-icon-inner-container\"><span style=\"display:block;justify-content:center;align-items:center\" class=\"kt-info-svg-icon kt-info-svg-icon-fas_drum\"><svg style=\"display:inline-block;vertical-align:middle\" viewbox=\"0 0 576 512\" height=\"50\" width=\"50\" fill=\"currentColor\" xmlns=\"http:\/\/www.w3.org\/2000\/svg\"><path d=\"M458.08 120.88l102.39-61.43c15.16-9.09 20.06-28.75 10.97-43.91C562.34.39 542.7-4.53 527.53 4.57l-160.69 96.41A629.32 629.32 0 0 0 288 96C128.94 96 0 153.31 0 224v160.83c0 30.46 24.03 58.4 64 80.37v-96.37c0-17.6 14.4-32 32-32s32 14.4 32 32v122.41c37.4 11.13 81 18.44 128 20.75V400.84c0-17.6 14.4-32 32-32s32 14.4 32 32V512c47-2.31 90.6-9.62 128-20.75V368.84c0-17.6 14.4-32 32-32s32 14.4 32 32v96.37c39.97-21.97 64-49.91 64-80.37V224.01c-.01-42.38-46.54-79.84-117.92-103.13zM288 304c-132.55 0-240-35.82-240-80s107.45-80 240-80c2.34 0 4.62.1 6.94.12l-87.41 52.44c-15.16 9.09-20.06 28.75-10.97 43.91 9.56 15.93 29.51 19.61 43.91 10.97l162.71-97.62C477.55 167.41 528 193.74 528 224.01 528 268.19 420.54 304 288 304z\"><\/path><\/svg><\/span><\/div><\/div><\/div><\/div><div class=\"kt-infobox-textcontent\"><h4 class=\"kt-blocks-info-box-title\">ESPECIALIDADES DE GRADO ELEMENTAL DE MUSICA <\/h4><p class=\"kt-blocks-info-box-text\">ENFOCADO A LA ESPECIALIDAD DE M\u00daSICA MODERNA<br\/>Piano, percusi\u00f3n, canto, trompeta, guitarra, guitarra el\u00e9ctrica, bajo, percusi\u00f3n\/bater\u00eda.<br\/><\/p><\/div><\/a><\/div>\n<\/div><\/div>\n<\/div><\/div><\/div>\n","protected":false},"excerpt":{"rendered":"","protected":false},"author":1,"featured_media":0,"parent":0,"menu_order":0,"comment_status":"closed","ping_status":"closed","template":"","meta":{"kt_blocks_editor_width":"","footnotes":""},"class_list":["post-245","page","type-page","status-publish","hentry"],"yoast_head":"<!-- This site is optimized with the Yoast SEO plugin v26.9 - https:\/\/yoast.com\/product\/yoast-seo-wordpress\/ -->\n<title>M\u00daSICA: Ense\u00f1anza Reglada - AROMAR<\/title>\n<meta name=\"robots\" content=\"index, follow, max-snippet:-1, max-image-preview:large, max-video-preview:-1\" \/>\n<link rel=\"canonical\" href=\"https:\/\/aromarmusicadanza.com\/index.php\/musica-ensenanza-reglada\/\" \/>\n<meta property=\"og:locale\" content=\"es_ES\" \/>\n<meta property=\"og:type\" content=\"article\" \/>\n<meta property=\"og:title\" content=\"M\u00daSICA: Ense\u00f1anza Reglada - AROMAR\" \/>\n<meta property=\"og:url\" content=\"https:\/\/aromarmusicadanza.com\/index.php\/musica-ensenanza-reglada\/\" \/>\n<meta property=\"og:site_name\" content=\"AROMAR\" \/>\n<meta property=\"article:modified_time\" content=\"2022-03-14T08:17:11+00:00\" \/>\n<meta name=\"twitter:card\" content=\"summary_large_image\" \/>\n<script type=\"application\/ld+json\" class=\"yoast-schema-graph\">{\"@context\":\"https:\/\/schema.org\",\"@graph\":[{\"@type\":\"WebPage\",\"@id\":\"https:\/\/aromarmusicadanza.com\/index.php\/musica-ensenanza-reglada\/\",\"url\":\"https:\/\/aromarmusicadanza.com\/index.php\/musica-ensenanza-reglada\/\",\"name\":\"M\u00daSICA: Ense\u00f1anza Reglada - AROMAR\",\"isPartOf\":{\"@id\":\"https:\/\/aromarmusicadanza.com\/#website\"},\"datePublished\":\"2021-05-21T12:01:37+00:00\",\"dateModified\":\"2022-03-14T08:17:11+00:00\",\"breadcrumb\":{\"@id\":\"https:\/\/aromarmusicadanza.com\/index.php\/musica-ensenanza-reglada\/#breadcrumb\"},\"inLanguage\":\"es\",\"potentialAction\":[{\"@type\":\"ReadAction\",\"target\":[\"https:\/\/aromarmusicadanza.com\/index.php\/musica-ensenanza-reglada\/\"]}]},{\"@type\":\"BreadcrumbList\",\"@id\":\"https:\/\/aromarmusicadanza.com\/index.php\/musica-ensenanza-reglada\/#breadcrumb\",\"itemListElement\":[{\"@type\":\"ListItem\",\"position\":1,\"name\":\"Portada\",\"item\":\"https:\/\/aromarmusicadanza.com\/\"},{\"@type\":\"ListItem\",\"position\":2,\"name\":\"M\u00daSICA: Ense\u00f1anza Reglada\"}]},{\"@type\":\"WebSite\",\"@id\":\"https:\/\/aromarmusicadanza.com\/#website\",\"url\":\"https:\/\/aromarmusicadanza.com\/\",\"name\":\"AROMAR\",\"description\":\"\",\"alternateName\":\"Escuela municipal de m\u00fasica Almu\u00f1ecar\",\"potentialAction\":[{\"@type\":\"SearchAction\",\"target\":{\"@type\":\"EntryPoint\",\"urlTemplate\":\"https:\/\/aromarmusicadanza.com\/?s={search_term_string}\"},\"query-input\":{\"@type\":\"PropertyValueSpecification\",\"valueRequired\":true,\"valueName\":\"search_term_string\"}}],\"inLanguage\":\"es\"}]}<\/script>\n<!-- \/ Yoast SEO plugin. -->","yoast_head_json":{"title":"M\u00daSICA: Ense\u00f1anza Reglada - AROMAR","robots":{"index":"index","follow":"follow","max-snippet":"max-snippet:-1","max-image-preview":"max-image-preview:large","max-video-preview":"max-video-preview:-1"},"canonical":"https:\/\/aromarmusicadanza.com\/index.php\/musica-ensenanza-reglada\/","og_locale":"es_ES","og_type":"article","og_title":"M\u00daSICA: Ense\u00f1anza Reglada - AROMAR","og_url":"https:\/\/aromarmusicadanza.com\/index.php\/musica-ensenanza-reglada\/","og_site_name":"AROMAR","article_modified_time":"2022-03-14T08:17:11+00:00","twitter_card":"summary_large_image","schema":{"@context":"https:\/\/schema.org","@graph":[{"@type":"WebPage","@id":"https:\/\/aromarmusicadanza.com\/index.php\/musica-ensenanza-reglada\/","url":"https:\/\/aromarmusicadanza.com\/index.php\/musica-ensenanza-reglada\/","name":"M\u00daSICA: Ense\u00f1anza Reglada - AROMAR","isPartOf":{"@id":"https:\/\/aromarmusicadanza.com\/#website"},"datePublished":"2021-05-21T12:01:37+00:00","dateModified":"2022-03-14T08:17:11+00:00","breadcrumb":{"@id":"https:\/\/aromarmusicadanza.com\/index.php\/musica-ensenanza-reglada\/#breadcrumb"},"inLanguage":"es","potentialAction":[{"@type":"ReadAction","target":["https:\/\/aromarmusicadanza.com\/index.php\/musica-ensenanza-reglada\/"]}]},{"@type":"BreadcrumbList","@id":"https:\/\/aromarmusicadanza.com\/index.php\/musica-ensenanza-reglada\/#breadcrumb","itemListElement":[{"@type":"ListItem","position":1,"name":"Portada","item":"https:\/\/aromarmusicadanza.com\/"},{"@type":"ListItem","position":2,"name":"M\u00daSICA: Ense\u00f1anza Reglada"}]},{"@type":"WebSite","@id":"https:\/\/aromarmusicadanza.com\/#website","url":"https:\/\/aromarmusicadanza.com\/","name":"AROMAR","description":"","alternateName":"Escuela municipal de m\u00fasica Almu\u00f1ecar","potentialAction":[{"@type":"SearchAction","target":{"@type":"EntryPoint","urlTemplate":"https:\/\/aromarmusicadanza.com\/?s={search_term_string}"},"query-input":{"@type":"PropertyValueSpecification","valueRequired":true,"valueName":"search_term_string"}}],"inLanguage":"es"}]}},"_links":{"self":[{"href":"https:\/\/aromarmusicadanza.com\/index.php\/wp-json\/wp\/v2\/pages\/245","targetHints":{"allow":["GET"]}}],"collection":[{"href":"https:\/\/aromarmusicadanza.com\/index.php\/wp-json\/wp\/v2\/pages"}],"about":[{"href":"https:\/\/aromarmusicadanza.com\/index.php\/wp-json\/wp\/v2\/types\/page"}],"author":[{"embeddable":true,"href":"https:\/\/aromarmusicadanza.com\/index.php\/wp-json\/wp\/v2\/users\/1"}],"replies":[{"embeddable":true,"href":"https:\/\/aromarmusicadanza.com\/index.php\/wp-json\/wp\/v2\/comments?post=245"}],"version-history":[{"count":9,"href":"https:\/\/aromarmusicadanza.com\/index.php\/wp-json\/wp\/v2\/pages\/245\/revisions"}],"predecessor-version":[{"id":459,"href":"https:\/\/aromarmusicadanza.com\/index.php\/wp-json\/wp\/v2\/pages\/245\/revisions\/459"}],"wp:attachment":[{"href":"https:\/\/aromarmusicadanza.com\/index.php\/wp-json\/wp\/v2\/media?parent=245"}],"curies":[{"name":"wp","href":"https:\/\/api.w.org\/{rel}","templated":true}]}}