{"id":24,"date":"2021-05-07T08:32:16","date_gmt":"2021-05-07T08:32:16","guid":{"rendered":"https:\/\/aromarmusicadanza.com\/?page_id=24"},"modified":"2021-05-07T08:32:17","modified_gmt":"2021-05-07T08:32:17","slug":"escuela-municipal-de-musica-danza-y-teatro-almunecar","status":"publish","type":"page","link":"https:\/\/aromarmusicadanza.com\/index.php\/escuela-municipal-de-musica-danza-y-teatro-almunecar\/","title":{"rendered":"Escuela Municipal de M\u00fasica Danza y Teatro Almu\u00f1\u00e9car"},"content":{"rendered":"\n<p>Ense\u00f1anzas de Artes esc\u00e9nicas.<\/p>\n\n\n\n<p>Escuela Municipal de M\u00fasica Danza y Teatro Almu\u00f1\u00e9car Permite el acceso a personas de cualquier edad y cubre las necesidades de los aficionados de la #M\u00fasica y la #Danza, as\u00ed como las de aquellas personas que buscan una preparaci\u00f3n para iniciar estudios profesionales. La Escuela de #Almu\u00f1ecar tiene un firme compromiso con la calidad.<br>Equipo de profesores especializados, con la titulaci\u00f3n y experiencia adecuadas para impartir clases, comprometidos con una formaci\u00f3n en danza y m\u00fasica de calidad.<br>Una metodolog\u00eda did\u00e1ctica orientada a que los alumnos aprendan a la vez que se diviertan, y crezcan en la danza a lo largo de todas las etapas.<br>Excelentes instalaciones, donde poder practicar todas las disciplinas adecuadamente.<\/p>\n","protected":false},"excerpt":{"rendered":"<p>Ense\u00f1anzas de Artes esc\u00e9nicas. Escuela Municipal de M\u00fasica Danza y Teatro Almu\u00f1\u00e9car Permite el acceso a personas de cualquier edad y cubre las necesidades de los aficionados de la #M\u00fasica y la #Danza, as\u00ed como las de aquellas personas que &hellip; <a href=\"https:\/\/aromarmusicadanza.com\/index.php\/escuela-municipal-de-musica-danza-y-teatro-almunecar\/\">Continuar<\/a><\/p>\n","protected":false},"author":1,"featured_media":25,"parent":0,"menu_order":0,"comment_status":"closed","ping_status":"closed","template":"","meta":{"kt_blocks_editor_width":"","footnotes":""},"class_list":["post-24","page","type-page","status-publish","has-post-thumbnail","hentry"],"yoast_head":"<!-- This site is optimized with the Yoast SEO plugin v26.9 - https:\/\/yoast.com\/product\/yoast-seo-wordpress\/ -->\n<title>Escuela Municipal de M\u00fasica Danza y Teatro Almu\u00f1\u00e9car - AROMAR<\/title>\n<meta name=\"robots\" content=\"index, follow, max-snippet:-1, max-image-preview:large, max-video-preview:-1\" \/>\n<link rel=\"canonical\" href=\"https:\/\/aromarmusicadanza.com\/index.php\/escuela-municipal-de-musica-danza-y-teatro-almunecar\/\" \/>\n<meta property=\"og:locale\" content=\"es_ES\" \/>\n<meta property=\"og:type\" content=\"article\" \/>\n<meta property=\"og:title\" content=\"Escuela Municipal de M\u00fasica Danza y Teatro Almu\u00f1\u00e9car - AROMAR\" \/>\n<meta property=\"og:description\" content=\"Ense\u00f1anzas de Artes esc\u00e9nicas. Escuela Municipal de M\u00fasica Danza y Teatro Almu\u00f1\u00e9car Permite el acceso a personas de cualquier edad y cubre las necesidades de los aficionados de la #M\u00fasica y la #Danza, as\u00ed como las de aquellas personas que &hellip; Continuar\" \/>\n<meta property=\"og:url\" content=\"https:\/\/aromarmusicadanza.com\/index.php\/escuela-municipal-de-musica-danza-y-teatro-almunecar\/\" \/>\n<meta property=\"og:site_name\" content=\"AROMAR\" \/>\n<meta property=\"article:modified_time\" content=\"2021-05-07T08:32:17+00:00\" \/>\n<meta property=\"og:image\" content=\"https:\/\/aromarmusicadanza.com\/wp-content\/uploads\/2021\/05\/fachada.jpg\" \/>\n\t<meta property=\"og:image:width\" content=\"2016\" \/>\n\t<meta property=\"og:image:height\" content=\"1512\" \/>\n\t<meta property=\"og:image:type\" content=\"image\/jpeg\" \/>\n<meta name=\"twitter:card\" content=\"summary_large_image\" \/>\n<meta name=\"twitter:label1\" content=\"Tiempo de lectura\" \/>\n\t<meta name=\"twitter:data1\" content=\"1 minuto\" \/>\n<script type=\"application\/ld+json\" class=\"yoast-schema-graph\">{\"@context\":\"https:\/\/schema.org\",\"@graph\":[{\"@type\":\"WebPage\",\"@id\":\"https:\/\/aromarmusicadanza.com\/index.php\/escuela-municipal-de-musica-danza-y-teatro-almunecar\/\",\"url\":\"https:\/\/aromarmusicadanza.com\/index.php\/escuela-municipal-de-musica-danza-y-teatro-almunecar\/\",\"name\":\"Escuela Municipal de M\u00fasica Danza y Teatro Almu\u00f1\u00e9car - AROMAR\",\"isPartOf\":{\"@id\":\"https:\/\/aromarmusicadanza.com\/#website\"},\"primaryImageOfPage\":{\"@id\":\"https:\/\/aromarmusicadanza.com\/index.php\/escuela-municipal-de-musica-danza-y-teatro-almunecar\/#primaryimage\"},\"image\":{\"@id\":\"https:\/\/aromarmusicadanza.com\/index.php\/escuela-municipal-de-musica-danza-y-teatro-almunecar\/#primaryimage\"},\"thumbnailUrl\":\"https:\/\/aromarmusicadanza.com\/wp-content\/uploads\/2021\/05\/fachada.jpg\",\"datePublished\":\"2021-05-07T08:32:16+00:00\",\"dateModified\":\"2021-05-07T08:32:17+00:00\",\"breadcrumb\":{\"@id\":\"https:\/\/aromarmusicadanza.com\/index.php\/escuela-municipal-de-musica-danza-y-teatro-almunecar\/#breadcrumb\"},\"inLanguage\":\"es\",\"potentialAction\":[{\"@type\":\"ReadAction\",\"target\":[\"https:\/\/aromarmusicadanza.com\/index.php\/escuela-municipal-de-musica-danza-y-teatro-almunecar\/\"]}]},{\"@type\":\"ImageObject\",\"inLanguage\":\"es\",\"@id\":\"https:\/\/aromarmusicadanza.com\/index.php\/escuela-municipal-de-musica-danza-y-teatro-almunecar\/#primaryimage\",\"url\":\"https:\/\/aromarmusicadanza.com\/wp-content\/uploads\/2021\/05\/fachada.jpg\",\"contentUrl\":\"https:\/\/aromarmusicadanza.com\/wp-content\/uploads\/2021\/05\/fachada.jpg\",\"width\":2016,\"height\":1512},{\"@type\":\"BreadcrumbList\",\"@id\":\"https:\/\/aromarmusicadanza.com\/index.php\/escuela-municipal-de-musica-danza-y-teatro-almunecar\/#breadcrumb\",\"itemListElement\":[{\"@type\":\"ListItem\",\"position\":1,\"name\":\"Portada\",\"item\":\"https:\/\/aromarmusicadanza.com\/\"},{\"@type\":\"ListItem\",\"position\":2,\"name\":\"Escuela Municipal de M\u00fasica Danza y Teatro Almu\u00f1\u00e9car\"}]},{\"@type\":\"WebSite\",\"@id\":\"https:\/\/aromarmusicadanza.com\/#website\",\"url\":\"https:\/\/aromarmusicadanza.com\/\",\"name\":\"AROMAR\",\"description\":\"\",\"alternateName\":\"Escuela municipal de m\u00fasica Almu\u00f1ecar\",\"potentialAction\":[{\"@type\":\"SearchAction\",\"target\":{\"@type\":\"EntryPoint\",\"urlTemplate\":\"https:\/\/aromarmusicadanza.com\/?s={search_term_string}\"},\"query-input\":{\"@type\":\"PropertyValueSpecification\",\"valueRequired\":true,\"valueName\":\"search_term_string\"}}],\"inLanguage\":\"es\"}]}<\/script>\n<!-- \/ Yoast SEO plugin. -->","yoast_head_json":{"title":"Escuela Municipal de M\u00fasica Danza y Teatro Almu\u00f1\u00e9car - AROMAR","robots":{"index":"index","follow":"follow","max-snippet":"max-snippet:-1","max-image-preview":"max-image-preview:large","max-video-preview":"max-video-preview:-1"},"canonical":"https:\/\/aromarmusicadanza.com\/index.php\/escuela-municipal-de-musica-danza-y-teatro-almunecar\/","og_locale":"es_ES","og_type":"article","og_title":"Escuela Municipal de M\u00fasica Danza y Teatro Almu\u00f1\u00e9car - AROMAR","og_description":"Ense\u00f1anzas de Artes esc\u00e9nicas. Escuela Municipal de M\u00fasica Danza y Teatro Almu\u00f1\u00e9car Permite el acceso a personas de cualquier edad y cubre las necesidades de los aficionados de la #M\u00fasica y la #Danza, as\u00ed como las de aquellas personas que &hellip; Continuar","og_url":"https:\/\/aromarmusicadanza.com\/index.php\/escuela-municipal-de-musica-danza-y-teatro-almunecar\/","og_site_name":"AROMAR","article_modified_time":"2021-05-07T08:32:17+00:00","og_image":[{"width":2016,"height":1512,"url":"https:\/\/aromarmusicadanza.com\/wp-content\/uploads\/2021\/05\/fachada.jpg","type":"image\/jpeg"}],"twitter_card":"summary_large_image","twitter_misc":{"Tiempo de lectura":"1 minuto"},"schema":{"@context":"https:\/\/schema.org","@graph":[{"@type":"WebPage","@id":"https:\/\/aromarmusicadanza.com\/index.php\/escuela-municipal-de-musica-danza-y-teatro-almunecar\/","url":"https:\/\/aromarmusicadanza.com\/index.php\/escuela-municipal-de-musica-danza-y-teatro-almunecar\/","name":"Escuela Municipal de M\u00fasica Danza y Teatro Almu\u00f1\u00e9car - AROMAR","isPartOf":{"@id":"https:\/\/aromarmusicadanza.com\/#website"},"primaryImageOfPage":{"@id":"https:\/\/aromarmusicadanza.com\/index.php\/escuela-municipal-de-musica-danza-y-teatro-almunecar\/#primaryimage"},"image":{"@id":"https:\/\/aromarmusicadanza.com\/index.php\/escuela-municipal-de-musica-danza-y-teatro-almunecar\/#primaryimage"},"thumbnailUrl":"https:\/\/aromarmusicadanza.com\/wp-content\/uploads\/2021\/05\/fachada.jpg","datePublished":"2021-05-07T08:32:16+00:00","dateModified":"2021-05-07T08:32:17+00:00","breadcrumb":{"@id":"https:\/\/aromarmusicadanza.com\/index.php\/escuela-municipal-de-musica-danza-y-teatro-almunecar\/#breadcrumb"},"inLanguage":"es","potentialAction":[{"@type":"ReadAction","target":["https:\/\/aromarmusicadanza.com\/index.php\/escuela-municipal-de-musica-danza-y-teatro-almunecar\/"]}]},{"@type":"ImageObject","inLanguage":"es","@id":"https:\/\/aromarmusicadanza.com\/index.php\/escuela-municipal-de-musica-danza-y-teatro-almunecar\/#primaryimage","url":"https:\/\/aromarmusicadanza.com\/wp-content\/uploads\/2021\/05\/fachada.jpg","contentUrl":"https:\/\/aromarmusicadanza.com\/wp-content\/uploads\/2021\/05\/fachada.jpg","width":2016,"height":1512},{"@type":"BreadcrumbList","@id":"https:\/\/aromarmusicadanza.com\/index.php\/escuela-municipal-de-musica-danza-y-teatro-almunecar\/#breadcrumb","itemListElement":[{"@type":"ListItem","position":1,"name":"Portada","item":"https:\/\/aromarmusicadanza.com\/"},{"@type":"ListItem","position":2,"name":"Escuela Municipal de M\u00fasica Danza y Teatro Almu\u00f1\u00e9car"}]},{"@type":"WebSite","@id":"https:\/\/aromarmusicadanza.com\/#website","url":"https:\/\/aromarmusicadanza.com\/","name":"AROMAR","description":"","alternateName":"Escuela municipal de m\u00fasica Almu\u00f1ecar","potentialAction":[{"@type":"SearchAction","target":{"@type":"EntryPoint","urlTemplate":"https:\/\/aromarmusicadanza.com\/?s={search_term_string}"},"query-input":{"@type":"PropertyValueSpecification","valueRequired":true,"valueName":"search_term_string"}}],"inLanguage":"es"}]}},"_links":{"self":[{"href":"https:\/\/aromarmusicadanza.com\/index.php\/wp-json\/wp\/v2\/pages\/24","targetHints":{"allow":["GET"]}}],"collection":[{"href":"https:\/\/aromarmusicadanza.com\/index.php\/wp-json\/wp\/v2\/pages"}],"about":[{"href":"https:\/\/aromarmusicadanza.com\/index.php\/wp-json\/wp\/v2\/types\/page"}],"author":[{"embeddable":true,"href":"https:\/\/aromarmusicadanza.com\/index.php\/wp-json\/wp\/v2\/users\/1"}],"replies":[{"embeddable":true,"href":"https:\/\/aromarmusicadanza.com\/index.php\/wp-json\/wp\/v2\/comments?post=24"}],"version-history":[{"count":1,"href":"https:\/\/aromarmusicadanza.com\/index.php\/wp-json\/wp\/v2\/pages\/24\/revisions"}],"predecessor-version":[{"id":26,"href":"https:\/\/aromarmusicadanza.com\/index.php\/wp-json\/wp\/v2\/pages\/24\/revisions\/26"}],"wp:featuredmedia":[{"embeddable":true,"href":"https:\/\/aromarmusicadanza.com\/index.php\/wp-json\/wp\/v2\/media\/25"}],"wp:attachment":[{"href":"https:\/\/aromarmusicadanza.com\/index.php\/wp-json\/wp\/v2\/media?parent=24"}],"curies":[{"name":"wp","href":"https:\/\/api.w.org\/{rel}","templated":true}]}}