{"id":21,"date":"2021-05-07T08:29:12","date_gmt":"2021-05-07T08:29:12","guid":{"rendered":"https:\/\/aromarmusicadanza.com\/?page_id=21"},"modified":"2021-05-07T08:29:13","modified_gmt":"2021-05-07T08:29:13","slug":"conservatorio-profesional-de-danza","status":"publish","type":"page","link":"https:\/\/aromarmusicadanza.com\/index.php\/conservatorio-profesional-de-danza\/","title":{"rendered":"Conservatorio Profesional de Danza"},"content":{"rendered":"\n<p>Conservatorio Oficial de Danza. Titulaci\u00f3n 6 cursos de ense\u00f1anza profesional de Cl\u00e1sico. Adem\u00e1s disponemos de mas modalidades: Contempor\u00e1neo, Danza Urbana, Gimnasia art\u00edstica, M\u00fasica, Interpretaci\u00f3n.. <strong>\u00a1Formamos artistas!<\/strong><\/p>\n\n\n\n<p>Escuela de baile \u00b7 Estudio de danza \u00b7 Escuela de ense\u00f1anza y clases de m\u00fasica<\/p>\n","protected":false},"excerpt":{"rendered":"<p>Conservatorio Oficial de Danza. Titulaci\u00f3n 6 cursos de ense\u00f1anza profesional de Cl\u00e1sico. Adem\u00e1s disponemos de mas modalidades: Contempor\u00e1neo, Danza Urbana, Gimnasia art\u00edstica, M\u00fasica, Interpretaci\u00f3n.. \u00a1Formamos artistas! Escuela de baile \u00b7 Estudio de danza \u00b7 Escuela de ense\u00f1anza y clases de &hellip; <a href=\"https:\/\/aromarmusicadanza.com\/index.php\/conservatorio-profesional-de-danza\/\">Continuar<\/a><\/p>\n","protected":false},"author":1,"featured_media":22,"parent":0,"menu_order":0,"comment_status":"closed","ping_status":"closed","template":"","meta":{"kt_blocks_editor_width":"","footnotes":""},"class_list":["post-21","page","type-page","status-publish","has-post-thumbnail","hentry"],"yoast_head":"<!-- This site is optimized with the Yoast SEO plugin v26.9 - https:\/\/yoast.com\/product\/yoast-seo-wordpress\/ -->\n<title>Conservatorio Profesional de Danza - AROMAR<\/title>\n<meta name=\"robots\" content=\"index, follow, max-snippet:-1, max-image-preview:large, max-video-preview:-1\" \/>\n<link rel=\"canonical\" href=\"https:\/\/aromarmusicadanza.com\/index.php\/conservatorio-profesional-de-danza\/\" \/>\n<meta property=\"og:locale\" content=\"es_ES\" \/>\n<meta property=\"og:type\" content=\"article\" \/>\n<meta property=\"og:title\" content=\"Conservatorio Profesional de Danza - AROMAR\" \/>\n<meta property=\"og:description\" content=\"Conservatorio Oficial de Danza. Titulaci\u00f3n 6 cursos de ense\u00f1anza profesional de Cl\u00e1sico. Adem\u00e1s disponemos de mas modalidades: Contempor\u00e1neo, Danza Urbana, Gimnasia art\u00edstica, M\u00fasica, Interpretaci\u00f3n.. \u00a1Formamos artistas! Escuela de baile \u00b7 Estudio de danza \u00b7 Escuela de ense\u00f1anza y clases de &hellip; Continuar\" \/>\n<meta property=\"og:url\" content=\"https:\/\/aromarmusicadanza.com\/index.php\/conservatorio-profesional-de-danza\/\" \/>\n<meta property=\"og:site_name\" content=\"AROMAR\" \/>\n<meta property=\"article:modified_time\" content=\"2021-05-07T08:29:13+00:00\" \/>\n<meta property=\"og:image\" content=\"https:\/\/aromarmusicadanza.com\/wp-content\/uploads\/2021\/05\/135045515_1784163715076998_3286731881915770428_n.jpg\" \/>\n\t<meta property=\"og:image:width\" content=\"1600\" \/>\n\t<meta property=\"og:image:height\" content=\"1200\" \/>\n\t<meta property=\"og:image:type\" content=\"image\/jpeg\" \/>\n<meta name=\"twitter:card\" content=\"summary_large_image\" \/>\n<script type=\"application\/ld+json\" class=\"yoast-schema-graph\">{\"@context\":\"https:\/\/schema.org\",\"@graph\":[{\"@type\":\"WebPage\",\"@id\":\"https:\/\/aromarmusicadanza.com\/index.php\/conservatorio-profesional-de-danza\/\",\"url\":\"https:\/\/aromarmusicadanza.com\/index.php\/conservatorio-profesional-de-danza\/\",\"name\":\"Conservatorio Profesional de Danza - AROMAR\",\"isPartOf\":{\"@id\":\"https:\/\/aromarmusicadanza.com\/#website\"},\"primaryImageOfPage\":{\"@id\":\"https:\/\/aromarmusicadanza.com\/index.php\/conservatorio-profesional-de-danza\/#primaryimage\"},\"image\":{\"@id\":\"https:\/\/aromarmusicadanza.com\/index.php\/conservatorio-profesional-de-danza\/#primaryimage\"},\"thumbnailUrl\":\"https:\/\/aromarmusicadanza.com\/wp-content\/uploads\/2021\/05\/135045515_1784163715076998_3286731881915770428_n.jpg\",\"datePublished\":\"2021-05-07T08:29:12+00:00\",\"dateModified\":\"2021-05-07T08:29:13+00:00\",\"breadcrumb\":{\"@id\":\"https:\/\/aromarmusicadanza.com\/index.php\/conservatorio-profesional-de-danza\/#breadcrumb\"},\"inLanguage\":\"es\",\"potentialAction\":[{\"@type\":\"ReadAction\",\"target\":[\"https:\/\/aromarmusicadanza.com\/index.php\/conservatorio-profesional-de-danza\/\"]}]},{\"@type\":\"ImageObject\",\"inLanguage\":\"es\",\"@id\":\"https:\/\/aromarmusicadanza.com\/index.php\/conservatorio-profesional-de-danza\/#primaryimage\",\"url\":\"https:\/\/aromarmusicadanza.com\/wp-content\/uploads\/2021\/05\/135045515_1784163715076998_3286731881915770428_n.jpg\",\"contentUrl\":\"https:\/\/aromarmusicadanza.com\/wp-content\/uploads\/2021\/05\/135045515_1784163715076998_3286731881915770428_n.jpg\",\"width\":1600,\"height\":1200},{\"@type\":\"BreadcrumbList\",\"@id\":\"https:\/\/aromarmusicadanza.com\/index.php\/conservatorio-profesional-de-danza\/#breadcrumb\",\"itemListElement\":[{\"@type\":\"ListItem\",\"position\":1,\"name\":\"Portada\",\"item\":\"https:\/\/aromarmusicadanza.com\/\"},{\"@type\":\"ListItem\",\"position\":2,\"name\":\"Conservatorio Profesional de Danza\"}]},{\"@type\":\"WebSite\",\"@id\":\"https:\/\/aromarmusicadanza.com\/#website\",\"url\":\"https:\/\/aromarmusicadanza.com\/\",\"name\":\"AROMAR\",\"description\":\"\",\"alternateName\":\"Escuela municipal de m\u00fasica Almu\u00f1ecar\",\"potentialAction\":[{\"@type\":\"SearchAction\",\"target\":{\"@type\":\"EntryPoint\",\"urlTemplate\":\"https:\/\/aromarmusicadanza.com\/?s={search_term_string}\"},\"query-input\":{\"@type\":\"PropertyValueSpecification\",\"valueRequired\":true,\"valueName\":\"search_term_string\"}}],\"inLanguage\":\"es\"}]}<\/script>\n<!-- \/ Yoast SEO plugin. -->","yoast_head_json":{"title":"Conservatorio Profesional de Danza - AROMAR","robots":{"index":"index","follow":"follow","max-snippet":"max-snippet:-1","max-image-preview":"max-image-preview:large","max-video-preview":"max-video-preview:-1"},"canonical":"https:\/\/aromarmusicadanza.com\/index.php\/conservatorio-profesional-de-danza\/","og_locale":"es_ES","og_type":"article","og_title":"Conservatorio Profesional de Danza - AROMAR","og_description":"Conservatorio Oficial de Danza. Titulaci\u00f3n 6 cursos de ense\u00f1anza profesional de Cl\u00e1sico. Adem\u00e1s disponemos de mas modalidades: Contempor\u00e1neo, Danza Urbana, Gimnasia art\u00edstica, M\u00fasica, Interpretaci\u00f3n.. \u00a1Formamos artistas! Escuela de baile \u00b7 Estudio de danza \u00b7 Escuela de ense\u00f1anza y clases de &hellip; Continuar","og_url":"https:\/\/aromarmusicadanza.com\/index.php\/conservatorio-profesional-de-danza\/","og_site_name":"AROMAR","article_modified_time":"2021-05-07T08:29:13+00:00","og_image":[{"width":1600,"height":1200,"url":"https:\/\/aromarmusicadanza.com\/wp-content\/uploads\/2021\/05\/135045515_1784163715076998_3286731881915770428_n.jpg","type":"image\/jpeg"}],"twitter_card":"summary_large_image","schema":{"@context":"https:\/\/schema.org","@graph":[{"@type":"WebPage","@id":"https:\/\/aromarmusicadanza.com\/index.php\/conservatorio-profesional-de-danza\/","url":"https:\/\/aromarmusicadanza.com\/index.php\/conservatorio-profesional-de-danza\/","name":"Conservatorio Profesional de Danza - AROMAR","isPartOf":{"@id":"https:\/\/aromarmusicadanza.com\/#website"},"primaryImageOfPage":{"@id":"https:\/\/aromarmusicadanza.com\/index.php\/conservatorio-profesional-de-danza\/#primaryimage"},"image":{"@id":"https:\/\/aromarmusicadanza.com\/index.php\/conservatorio-profesional-de-danza\/#primaryimage"},"thumbnailUrl":"https:\/\/aromarmusicadanza.com\/wp-content\/uploads\/2021\/05\/135045515_1784163715076998_3286731881915770428_n.jpg","datePublished":"2021-05-07T08:29:12+00:00","dateModified":"2021-05-07T08:29:13+00:00","breadcrumb":{"@id":"https:\/\/aromarmusicadanza.com\/index.php\/conservatorio-profesional-de-danza\/#breadcrumb"},"inLanguage":"es","potentialAction":[{"@type":"ReadAction","target":["https:\/\/aromarmusicadanza.com\/index.php\/conservatorio-profesional-de-danza\/"]}]},{"@type":"ImageObject","inLanguage":"es","@id":"https:\/\/aromarmusicadanza.com\/index.php\/conservatorio-profesional-de-danza\/#primaryimage","url":"https:\/\/aromarmusicadanza.com\/wp-content\/uploads\/2021\/05\/135045515_1784163715076998_3286731881915770428_n.jpg","contentUrl":"https:\/\/aromarmusicadanza.com\/wp-content\/uploads\/2021\/05\/135045515_1784163715076998_3286731881915770428_n.jpg","width":1600,"height":1200},{"@type":"BreadcrumbList","@id":"https:\/\/aromarmusicadanza.com\/index.php\/conservatorio-profesional-de-danza\/#breadcrumb","itemListElement":[{"@type":"ListItem","position":1,"name":"Portada","item":"https:\/\/aromarmusicadanza.com\/"},{"@type":"ListItem","position":2,"name":"Conservatorio Profesional de Danza"}]},{"@type":"WebSite","@id":"https:\/\/aromarmusicadanza.com\/#website","url":"https:\/\/aromarmusicadanza.com\/","name":"AROMAR","description":"","alternateName":"Escuela municipal de m\u00fasica Almu\u00f1ecar","potentialAction":[{"@type":"SearchAction","target":{"@type":"EntryPoint","urlTemplate":"https:\/\/aromarmusicadanza.com\/?s={search_term_string}"},"query-input":{"@type":"PropertyValueSpecification","valueRequired":true,"valueName":"search_term_string"}}],"inLanguage":"es"}]}},"_links":{"self":[{"href":"https:\/\/aromarmusicadanza.com\/index.php\/wp-json\/wp\/v2\/pages\/21","targetHints":{"allow":["GET"]}}],"collection":[{"href":"https:\/\/aromarmusicadanza.com\/index.php\/wp-json\/wp\/v2\/pages"}],"about":[{"href":"https:\/\/aromarmusicadanza.com\/index.php\/wp-json\/wp\/v2\/types\/page"}],"author":[{"embeddable":true,"href":"https:\/\/aromarmusicadanza.com\/index.php\/wp-json\/wp\/v2\/users\/1"}],"replies":[{"embeddable":true,"href":"https:\/\/aromarmusicadanza.com\/index.php\/wp-json\/wp\/v2\/comments?post=21"}],"version-history":[{"count":1,"href":"https:\/\/aromarmusicadanza.com\/index.php\/wp-json\/wp\/v2\/pages\/21\/revisions"}],"predecessor-version":[{"id":23,"href":"https:\/\/aromarmusicadanza.com\/index.php\/wp-json\/wp\/v2\/pages\/21\/revisions\/23"}],"wp:featuredmedia":[{"embeddable":true,"href":"https:\/\/aromarmusicadanza.com\/index.php\/wp-json\/wp\/v2\/media\/22"}],"wp:attachment":[{"href":"https:\/\/aromarmusicadanza.com\/index.php\/wp-json\/wp\/v2\/media?parent=21"}],"curies":[{"name":"wp","href":"https:\/\/api.w.org\/{rel}","templated":true}]}}